{"id":790,"date":"2017-12-20T04:42:46","date_gmt":"2017-12-20T04:42:46","guid":{"rendered":"http:\/\/dev.drluismejia.com\/?page_id=790"},"modified":"2018-07-10T01:55:56","modified_gmt":"2018-07-10T01:55:56","slug":"abdominoplastia","status":"publish","type":"page","link":"https:\/\/www.drluismejia.com\/es\/abdominoplastia\/","title":{"rendered":"Abdominoplastia"},"content":{"rendered":"<p><strong>Abdominoplastia<\/strong><\/p>\n<ul>\n<li>Mejorar su apariencia f\u00edsica con una abdominoplastia<\/li>\n<li>Muchos de nosotros luchamos por tener un abdomen plano y bien tonificado, a trav\u00e9s del ejercicio y el control del peso. A veces estos m\u00e9todos no logran nuestros objetivos. Incluso algunas personas con un peso corporal normal y bien proporcionados pueden desarrollar un abdomen que sobresale o que est\u00e1 \ufb02 ojo y cuelga. Entre las causas m\u00e1s comunes de esto se encuentran:<\/li>\n<li>los embarazos<\/li>\n<li>el envejecimiento<\/li>\n<li>fluctuaciones de peso significativas<\/li>\n<li>herencia<\/li>\n<li>cirug\u00edas anteriores<\/li>\n<li>La abdominoplast\u00eda elimina el exceso de grasa y piel, y en la mayor\u00eda de los casos repara m\u00fasculos debilitados o separados creando un perfil abdominal m\u00e1s liso y firme.<\/li>\n<li><strong>Lo que no suceder\u00e1:<\/strong><\/li>\n<li>Una abdominoplast\u00eda no es un sustituto para el adelgazamiento o un plan apropiado de ejercicios f\u00edsicos. Aunque los resultados de una abdominoplast\u00eda son t\u00e9cnicamente permanentes, las \ufb02 uctuaciones de peso significativas pueden reducir en gran medida un resultado positivo. Por esta raz\u00f3n, se puede recomendar que pospongan la abdominoplast\u00eda a quienes planean un adelgazamiento sustancial o a las mujeres que puedan considerar embarazos en el futuro. Una abdominoplast\u00eda tampoco puede corregir estr\u00edas, aunque \u00e9stas puedan eliminarse o mejorarse en alguna medida si est\u00e1n ubicadas en las \u00e1reas de piel excesiva que van a ser extirpadas, por los general las \u00e1reas tratadas debajo del ombligo.<\/li>\n<li><strong>\u00bfEs lo adecuado para m\u00ed?<\/strong><\/li>\n<li>La abdominoplast\u00eda es una intervenci\u00f3n altamente personal y usted debe tomar la decisi\u00f3n de realizarla, no para cumplir los deseos de otra persona ni para intentar ajustarse a cualquier tipo de imagen ideal. La abdominoplast\u00eda es una buena opci\u00f3n para usted si:<\/li>\n<li>goza de buena salud f\u00edsica y tiene un peso estable;<\/li>\n<li>tiene expectativas realistas;<\/li>\n<li>no fuma;<\/li>\n<li>le molesta por la sensaci\u00f3n de que su abdomen es demasiado grande.<\/li>\n<li><strong>Datos importantes acerca de la seguridad y los riesgos de la abdominoplastia<\/strong><\/li>\n<li>La decisi\u00f3n de someterse a una cirug\u00eda de abdominoplast\u00eda es extremadamente personal y usted deber\u00e1 decidir si los beneficios lograr\u00e1n sus objetivos y si los riesgos y complicaciones potenciales son aceptables. El cirujano pl\u00e1stico y\/o su personal le explicar\u00e1n en detalle los riesgos asociados con la intervenci\u00f3n quir\u00fargica. Se le pedir\u00e1 que firme formularios de consentimiento para garantizar que usted comprende completamente el procedimiento al que se someter\u00e1 y los riesgos o complicaciones potenciales.<\/li>\n<li>Los riesgos posibles de la abdominoplast\u00eda incluyen:<\/li>\n<li>cicatrizaci\u00f3n desfavorable;<\/li>\n<li>hemorragia (hematoma);<\/li>\n<li>infecci\u00f3n;<\/li>\n<li>acumulaci\u00f3n de l\u00edquidos;<\/li>\n<li>mala curaci\u00f3n de las heridas;<\/li>\n<li>p\u00e9rdida de piel;<\/li>\n<li>co\u00e1gulos de sangre;<\/li>\n<li>entumecimiento u otros cambios en la sensibilidad de la piel;<\/li>\n<li>complicaciones de la anestesia;<\/li>\n<li>decoloraci\u00f3n de la piel y\/o hinchaz\u00f3n prolongada;<\/li>\n<li>tejido graso que se encuentra profundo en la piel puede morir (necrosis grasa);<\/li>\n<li>importante separaci\u00f3n de heridas;<\/li>\n<li>asimetr\u00eda;<\/li>\n<li>flacidez recurrente de la piel;<\/li>\n<li>dolor, que puede persistir;<\/li>\n<li>trombosis venosa profunda, complicaciones card\u00edacas y pulmonares;<\/li>\n<li>hinchaz\u00f3n persistente en las piernas;<\/li>\n<li>da\u00f1o de nervios;<\/li>\n<li>posibilidad de cirug\u00eda de revisi\u00f3n;<\/li>\n<li>resultados est\u00e9ticos sub\u00f3ptimos.<\/li>\n<li>Usted necesitar\u00e1 ayuda<\/li>\n<li>Si se realiza la abdominoplast\u00eda como paciente externo, aseg\u00farese de contar con alguien para su traslado antes y despu\u00e9s de la cirug\u00eda y para que se quede con usted por lo menos la primera noche siguiente a la intervenci\u00f3n.<\/li>\n<li>Despu\u00e9s de la cirug\u00eda, seguramente aplicar\u00e1n vendajes sobre las incisiones y puede que lo envuelvan en una venda el\u00e1stica o de compresi\u00f3n para minimizar la hinchaz\u00f3n y sostener su abdomen mientras se cura. Es probable que le coloquen transitoriamente un tubo peque\u00f1o y delgado debajo de la piel para drenar cualquier exceso de sangre o l\u00edquidos que puedan acumularse.<\/li>\n<li><strong>Recibir\u00e1 instrucciones espec\u00edficas, entre las que pueden encontrarse:<\/strong>C\u00f3mo cuidar el sitio de la operaci\u00f3n y los drenajes, qu\u00e9 medicamentos aplicarse o tomar por v\u00eda oral para ayudar a la curaci\u00f3n y reducir el potencial de infecciones, a qu\u00e9 factores prestar especial atenci\u00f3n en el sitio operado y en su salud en general, y cu\u00e1ndo volver con su cirujano pl\u00e1stico para seguimiento.<\/li>\n<li>Aseg\u00farese de hacerle a su cirujano pl\u00e1stico preguntas espec\u00edficas acerca de lo que pueda ocurrir durante el per\u00edodo de su recuperaci\u00f3n en particular.<\/li>\n<li>\u00bfAd\u00f3nde me llevar\u00e1n cuando termine la cirug\u00eda?<\/li>\n<li>\u00bfQu\u00e9 medicamentos me dar\u00e1n o recetar\u00e1n despu\u00e9s de la cirug\u00eda?<\/li>\n<li>\u00bfTendr\u00e9 vendajes despu\u00e9s de la operaci\u00f3n? \u00bfCu\u00e1ndo me los quitar\u00e1n?<\/li>\n<li>\u00bfSe quitan los puntos? \u00bfCu\u00e1ndo? .<\/li>\n<li>\u00bfCu\u00e1ndo podr\u00e9 retomar mis actividades habituales y volver a hacer ejercicio?<\/li>\n<li>\u00bfCu\u00e1ndo vuelvo para la atenci\u00f3n de seguimiento?<\/li>\n<li>Una cirug\u00eda previa puede limitar los resultados potenciales de una abdominoplast\u00eda. En las mujeres que hayan tenido una ces\u00e1rea, las cicatrices existentes pueden incorporarse muchas veces a la nueva.<\/li>\n<li><img loading=\"lazy\" decoding=\"async\" class=\"alignnone size-full wp-image-791\" src=\"http:\/\/dev.drluismejia.com\/wp-content\/uploads\/2017\/12\/Abdominoplastia_ES.jpg\" alt=\"\" width=\"473\" height=\"499\" srcset=\"https:\/\/www.drluismejia.com\/wp-content\/uploads\/2017\/12\/Abdominoplastia_ES.jpg 473w, https:\/\/www.drluismejia.com\/wp-content\/uploads\/2017\/12\/Abdominoplastia_ES-284x300.jpg 284w, https:\/\/www.drluismejia.com\/wp-content\/uploads\/2017\/12\/Abdominoplastia_ES-370x390.jpg 370w\" sizes=\"auto, (max-width: 473px) 100vw, 473px\" \/><\/li>\n<\/ul>\n<p>&nbsp;<\/p>","protected":false},"excerpt":{"rendered":"<p>Abdominoplastia Mejorar su apariencia f\u00edsica con una abdominoplastia Muchos de nosotros luchamos por tener un abdomen plano y bien tonificado, a trav\u00e9s del ejercicio y el control del peso. A veces estos m\u00e9todos no logran nuestros objetivos. Incluso algunas personas con un peso corporal normal y bien proporcionados pueden desarrollar un abdomen que sobresale o que est\u00e1 \ufb02 ojo y&hellip;<\/p>\n","protected":false},"author":3,"featured_media":0,"parent":0,"menu_order":0,"comment_status":"closed","ping_status":"closed","template":"","meta":{"footnotes":""},"class_list":["post-790","page","type-page","status-publish","hentry"],"_links":{"self":[{"href":"https:\/\/www.drluismejia.com\/es\/wp-json\/wp\/v2\/pages\/790","targetHints":{"allow":["GET"]}}],"collection":[{"href":"https:\/\/www.drluismejia.com\/es\/wp-json\/wp\/v2\/pages"}],"about":[{"href":"https:\/\/www.drluismejia.com\/es\/wp-json\/wp\/v2\/types\/page"}],"author":[{"embeddable":true,"href":"https:\/\/www.drluismejia.com\/es\/wp-json\/wp\/v2\/users\/3"}],"replies":[{"embeddable":true,"href":"https:\/\/www.drluismejia.com\/es\/wp-json\/wp\/v2\/comments?post=790"}],"version-history":[{"count":3,"href":"https:\/\/www.drluismejia.com\/es\/wp-json\/wp\/v2\/pages\/790\/revisions"}],"predecessor-version":[{"id":1158,"href":"https:\/\/www.drluismejia.com\/es\/wp-json\/wp\/v2\/pages\/790\/revisions\/1158"}],"wp:attachment":[{"href":"https:\/\/www.drluismejia.com\/es\/wp-json\/wp\/v2\/media?parent=790"}],"curies":[{"name":"wp","href":"https:\/\/api.w.org\/{rel}","templated":true}]}}