{"id":860,"date":"2017-12-23T19:49:43","date_gmt":"2017-12-23T19:49:43","guid":{"rendered":"http:\/\/dev.drluismejia.com\/?page_id=860"},"modified":"2018-07-16T02:41:18","modified_gmt":"2018-07-16T02:41:18","slug":"simulaciones-3d","status":"publish","type":"page","link":"https:\/\/www.drluismejia.com\/es\/simulaciones-3d\/","title":{"rendered":"Simulaciones 3D"},"content":{"rendered":"<p><\/p>\n<div id=\"crisalix_banner_wrap\" style=\"text-align: center;\"><script type='text\/javascript' src='https:\/\/my.crisalix.com:443\/banner.js?banner_size=468x60&#038;procedure_type=hybrid&#038;selector=crisalix_banner_wrap&#038;token= 8c1909309217dcbfba49b63dc2300ef9'><\/script><\/div>\n<p>&nbsp;<\/p>\n<p>La simulaci\u00f3n de cirug\u00eda pl\u00e1stica en 3D es una nueva herramienta que acaba de incorporar el Doctor Federico Mayo a su consulta para dar la respuesta inmediata a la pregunta que todos los pacientes se hacen : \u201c\u00bfC\u00f3mo me ver\u00e9 tras la intervenci\u00f3n de cirug\u00eda pl\u00e1stica?\u201d.<\/p>\n<p>La simulaci\u00f3n de cirug\u00eda pl\u00e1stica se realiza con un dispositivo que escanear\u00e1 el \u00e1rea que el o la paciente desea mejorar, esto solo llevar\u00e1 un par de minutos, la imagen es recogida por una novedosa aplicaci\u00f3n con la que es posible generar la simulaci\u00f3n de la intervenci\u00f3n quir\u00fargica. El escaner port\u00e1til recrea en 3D el rostro o el cuerpo del paciente permitiendonos pre-visualizaciones muy precisas del resultado final, gracias a las herramientas que incorpora la aplicaci\u00f3n. Las im\u00e1genes en tres dimensiones se podr\u00e1n rotar para visualizarlas desde cualquier \u00e1ngulo.<\/p>\n<p><b>Simulaci\u00f3n de cirug\u00eda pl\u00e1stica \u2013 Aumento mamario<\/b><br \/>\nSi se trata de un aumento de pecho, una vez escaneado este, es posible seleccionar un modelo de implante, redondo o anat\u00f3mico, con una determinada proyecci\u00f3n y un volumen espec\u00edfico, atendiendo a los deseos de la paciente y a las sugerencias que le dar\u00e1 el doctor. As\u00ed se ir\u00e1n creando im\u00e1genes con las diferentes opciones seleccionadas y ser\u00e1 posible visualizarlas simult\u00e1neamente en el ordenador, comparando el antes y el despu\u00e9s, a\u00fan sin haberse realizado la intervenci\u00f3n.<\/p>\n<p><img decoding=\"async\" src=\"\/wp-content\/uploads\/2017\/12\/image002-1.jpg\" border=\"0\" \/><\/p>\n<p>Un importante avance que incorpora la aplicaci\u00f3n en cuanto a las mamoplastias de aumento es que la simulaci\u00f3n de cirug\u00eda pl\u00e1stica puede tener en cuenta si la paciente ya tiene unos implantes de un aumento mamario anterior, de forma que si introducimos el dato de estos implantes puede simular el contorno pectoral actual de la paciente pero sin ese volumen. Para luego a\u00f1adir los implantes nuevos seleccionados. Esto ser\u00e1 de gran ayuda tanto para el cirujano, como para la paciente a la hora de elegir. Tambi\u00e9n hace correcciones simuladas oportunas en los casos de mamas tuberosas.<\/p>\n<p>Una vez hecha la simulaci\u00f3n de aumento de pecho el programa permite poner diversas vestimentas, con lo que las pacientes tambi\u00e9n pueden verse en su vida cotidiana despu\u00e9s de la futura operaci\u00f3n.<\/p>\n<p>El escaneado de los pechos de la paciente proporcionar\u00e1 datos como su volumen en cent\u00edmetros c\u00fabicos y las distancias entre puntos clave que para la intervenci\u00f3n quir\u00fargica, como son la distancia entre el complejo pez\u00f3n \u2013 areola y el surco sub mamario, la distancia pez\u00f3n \u2013 areola y el estern\u00f3n. Toda esta informaci\u00f3n ser\u00e1 de gran utilidad para la posterior operaci\u00f3n.<\/p>\n<p>Hasta ahora las pacientes se ten\u00edan que poner un sujetador con la talla deseada y utilizar rellenos para recrear el futuro o visualizar casos similares al suyo en fotografias de antes y despu\u00e9s de la operaci\u00f3n.<\/p>\n<p><b>Simulaci\u00f3n de cirug\u00eda pl\u00e1stica facial<\/b><br \/>\n<img decoding=\"async\" src=\"\/wp-content\/uploads\/2017\/12\/image002-1.jpg\" border=\"0\" \/><\/p>\n<p>Los otros pacientes que se beneficiar\u00e1n en mayor medida con la simulaci\u00f3n son los que planteen intervenciones faciales.<\/p>\n<p>A la imagen capturada de la cabeza se le podr\u00e1 simular una intervenci\u00f3n por ejemplo de rinoplastia. El cirujano podr\u00e1 marcar la zona del caballete y modelarla, poner la punta de la nariz de otra manera o adelgazar la nariz entera tanto como una rinoplastia lo permita.<\/p>\n<p>Tambi\u00e9n se podr\u00e1 simular una otoplastia y observar como estamos sin las orejas de soplillo.<\/p>\n<p>Cualquier persona interesada en un aumento mamario o en cualquier procedimiento est\u00e9tico facial puede ver como quedar\u00eda su nuevo cuerpo o rostro, antes incluso del procedimiento disponiendo una consulta con el Doctor.<\/p>\n<p>Esta avanzada tecnolog\u00eda, que ahora ofrece el Doctor Mayo aumenta la educaci\u00f3n del paciente, la comprensi\u00f3n y la interacci\u00f3n, lo que permite optimizar a\u00fan m\u00e1s despu\u00e9s del procedimiento su satisfacci\u00f3n.<\/p>\n<p>Un estudio llevado a cabo en Suiza (donde ya ha sido implantada esta tecnolog\u00eda) revela que el 100% de los pacientes con los que se hizo la simulaci\u00f3n de cirug\u00eda pl\u00e1stica con este sistema estaban satisfechos o muy satisfechos de la simulaci\u00f3n mostrada y un 87,5% de los pacientes declararon que la simulaci\u00f3n les hab\u00eda permitido expresar mejor sus deseos y expectativas al cirujano.<\/p>","protected":false},"excerpt":{"rendered":"<p>&nbsp; La simulaci\u00f3n de cirug\u00eda pl\u00e1stica en 3D es una nueva herramienta que acaba de incorporar el Doctor Federico Mayo a su consulta para dar la respuesta inmediata a la pregunta que todos los pacientes se hacen : \u201c\u00bfC\u00f3mo me ver\u00e9 tras la intervenci\u00f3n de cirug\u00eda pl\u00e1stica?\u201d. La simulaci\u00f3n de cirug\u00eda pl\u00e1stica se realiza con un dispositivo que escanear\u00e1 el&hellip;<\/p>\n","protected":false},"author":3,"featured_media":0,"parent":0,"menu_order":0,"comment_status":"closed","ping_status":"closed","template":"","meta":{"footnotes":""},"class_list":["post-860","page","type-page","status-publish","hentry"],"_links":{"self":[{"href":"https:\/\/www.drluismejia.com\/es\/wp-json\/wp\/v2\/pages\/860","targetHints":{"allow":["GET"]}}],"collection":[{"href":"https:\/\/www.drluismejia.com\/es\/wp-json\/wp\/v2\/pages"}],"about":[{"href":"https:\/\/www.drluismejia.com\/es\/wp-json\/wp\/v2\/types\/page"}],"author":[{"embeddable":true,"href":"https:\/\/www.drluismejia.com\/es\/wp-json\/wp\/v2\/users\/3"}],"replies":[{"embeddable":true,"href":"https:\/\/www.drluismejia.com\/es\/wp-json\/wp\/v2\/comments?post=860"}],"version-history":[{"count":4,"href":"https:\/\/www.drluismejia.com\/es\/wp-json\/wp\/v2\/pages\/860\/revisions"}],"predecessor-version":[{"id":1163,"href":"https:\/\/www.drluismejia.com\/es\/wp-json\/wp\/v2\/pages\/860\/revisions\/1163"}],"wp:attachment":[{"href":"https:\/\/www.drluismejia.com\/es\/wp-json\/wp\/v2\/media?parent=860"}],"curies":[{"name":"wp","href":"https:\/\/api.w.org\/{rel}","templated":true}]}}